{"id":2512,"date":"2022-03-15T13:20:59","date_gmt":"2022-03-15T10:20:59","guid":{"rendered":"http:\/\/www.ramadaplazaizmit.com\/?page_id=2512"},"modified":"2022-03-15T13:36:52","modified_gmt":"2022-03-15T10:36:52","slug":"kvkk-cctv-systems-lighting-text","status":"publish","type":"page","link":"https:\/\/www.ramadaplazaizmit.com\/tr\/kvkk-cctv-systems-lighting-text\/","title":{"rendered":"KVKK CCTV Sistemleri Ayd\u0131nlatma Metni"},"content":{"rendered":"<div class=\"container vc_container\" ><div class=\"vc_row wpb_row vc_row-fluid\"><div class=\"wpb_column vc_column_container vc_col-sm-4 vc_col-lg-3 vc_col-md-3 vc_col-xs-12\">\n    <div class=\"vc_column-inner\">\n        <div class=\"wpb_wrapper\">\n            <div class=\"vc_icon_element vc_icon_element-outer vc_icon_element-align-center\"><div class=\"vc_icon_element-inner vc_icon_element-color-custom vc_icon_element-size-md vc_icon_element-style- vc_icon_element-background-color-grey\" ><span class=\"vc_icon_element-icon stmicon-haircut\" style=\"color:#ce1f40 !important\"><\/span><\/div><\/div>        <\/div>\n    <\/div>\n<\/div><div class=\"wpb_column vc_column_container vc_col-sm-4 vc_col-lg-6 vc_col-md-6 vc_col-xs-12\">\n    <div class=\"vc_column-inner\">\n        <div class=\"wpb_wrapper\">\n            \n\t<div class=\"wpb_text_column wpb_content_element\" >\n\t\t<div class=\"wpb_wrapper\">\n\t\t\t<h5 style=\"text-align: center;\">Ramada Plaza \u0130zmit \u0130\u00e7erisinde Yer Alan Kapal\u0131 Devre Kamera Kay\u0131t Sistemleri Hakk\u0131nda Ayd\u0131nlatma Metni<\/h5>\n\n\t\t<\/div>\n\t<\/div>\n        <\/div>\n    <\/div>\n<\/div><div class=\"wpb_column vc_column_container vc_col-sm-4 vc_col-lg-3 vc_col-md-3 vc_col-xs-12\">\n    <div class=\"vc_column-inner\">\n        <div class=\"wpb_wrapper\">\n            <div class=\"vc_icon_element vc_icon_element-outer vc_icon_element-align-center\"><div class=\"vc_icon_element-inner vc_icon_element-color-custom vc_icon_element-size-md vc_icon_element-style- vc_icon_element-background-color-grey\" ><span class=\"vc_icon_element-icon stmicon-haircut\" style=\"color:#ce1f40 !important\"><\/span><\/div><\/div>        <\/div>\n    <\/div>\n<\/div><\/div><\/div><div class=\"container vc_container\" ><div class=\"vc_row wpb_row vc_row-fluid\"><div class=\"wpb_column vc_column_container vc_col-sm-12\">\n    <div class=\"vc_column-inner\">\n        <div class=\"wpb_wrapper\">\n            \n\t<div class=\"wpb_text_column wpb_content_element  vc_custom_1647340610965\" >\n\t\t<div class=\"wpb_wrapper\">\n\t\t\t<p><strong>Ramada Plaza \u0130zmit \u0130\u00e7erisinde Yer Alan\u00a0<\/strong><strong>Closed Circuit Camera Recording Systems\u00a0<\/strong><strong>About Lighting Text<\/strong><\/p>\n<p>Bu ayd\u0131nlatma metni, 6698 say\u0131l\u0131 Ki\u015fisel Verilerin Korunmas\u0131 Kanunu (\u201cKVKK\u201d) kapsam\u0131nda veri sorumlusu s\u0131fat\u0131yla Galaksi Otelcilik Rest. Tur. \u0130n\u015f. G\u0131da San. Tic. Ltd. \u015eti. (\u201cRamada Plaza \u0130zmit\u201d veya \u201c\u015eirket\u201d ) taraf\u0131ndan Ramada Plaza \u0130zmit otelinde yer alan kapal\u0131 devre kay\u0131t sistemleri vas\u0131tas\u0131yla toplanan ki\u015fisel verilerinin i\u015flenmesine ili\u015fkin usul ve esaslara ili\u015fkin olarak sizi bilgilendirmek amac\u0131yla haz\u0131rlanm\u0131\u015ft\u0131r.<\/p>\n<ol>\n<li><strong>Ki\u015fisel Verilerin \u0130\u015flenme Amac\u0131<\/strong><\/li>\n<\/ol>\n<p>Ramada Plaza \u0130zmit oteli i\u00e7erisindeki giri\u015f kap\u0131lar\u0131, bina d\u0131\u015f cephesi, otopark, lobi, resepsiyon, restaurantlar ve kat koridorlar\u0131 hizmet alanlar\u0131nda bulunan 106 adet g\u00fcvenlik kameralar\u0131 vas\u0131tas\u0131yla g\u00f6r\u00fcnt\u00fc kayd\u0131 al\u0131nmaktad\u0131r.\u00a0 G\u00fcvenlik kameralar\u0131 arac\u0131l\u0131\u011f\u0131 ile toplad\u0131\u011f\u0131m\u0131z ki\u015fisel verilerinizi, KVKK\u2019nun 5. ve 6. maddelerinde belirtilen ki\u015fisel veri i\u015fleme \u015fartlar\u0131 ve ama\u00e7lar\u0131 \u00e7er\u00e7evesinde, \u015eirket ile i\u015f ili\u015fkisi i\u00e7erisinde olan ilgili ki\u015filerin hukuki, teknik ve ticari-i\u015f g\u00fcvenli\u011fini temin etmek ve bina g\u00fcvenli\u011fini sa\u011flamak ama\u00e7lar\u0131 ile i\u015flemekteyiz.<\/p>\n<ol start=\"2\">\n<li><strong>Ki\u015fisel Veri Toplaman\u0131n Y\u00f6ntemi ve Hukuki Sebebi<\/strong><\/li>\n<\/ol>\n<p>S\u00f6z konusu ki\u015fisel verileriniz, Kanunun 5. maddesinde yer alan \u201cveri sorumlusunun hukuki y\u00fck\u00fcml\u00fcl\u00fc\u011f\u00fcn\u00fc yerine getirebilmesi i\u00e7in zorunlu olmas\u0131\u201d ve \u201cilgili ki\u015filerin temel hak ve \u00f6zg\u00fcrl\u00fcklerine zarar vermemek kayd\u0131yla, veri sorumlusunun me\u015fru menfaatleri i\u00e7in veri i\u015flenmesinin zorunlu olmas\u0131\u201d hukuki sebeplerine dayanarak kapal\u0131 devre kameralar vas\u0131tas\u0131yla otomatik yolla i\u015flenmektedir. Ki\u015fisel verilerinizi sadece belirtilen ama\u00e7lar do\u011frultusunda i\u015flemekte ve aktarabilmekteyiz.<\/p>\n<ol start=\"3\">\n<li><strong>Ki\u015fisel Verilerin Aktar\u0131labilece\u011fi Taraflar ve Aktar\u0131m Amac\u0131<\/strong><\/li>\n<\/ol>\n<p>Toplad\u0131\u011f\u0131m\u0131z ki\u015fisel verilerinizi, KVKK\u2019nun 8. ve 9. maddelerinde belirtilen ki\u015fisel veri i\u015fleme \u015fartlar\u0131 ve yukar\u0131da belirtilen ama\u00e7lar kapsam\u0131nda, \u015eirketimize bu alanda hizmet veren hizmet sa\u011flay\u0131c\u0131lar\u0131m\u0131za; hukuki uyu\u015fmazl\u0131klar\u0131n giderilmesi veya ilgili mevzuat\u0131 gere\u011fi talep halinde adli makamlar veya ilgili kolluk kuvvetlerine aktarabiliriz.<\/p>\n<ol start=\"4\">\n<li><strong>Veri Sahiplerinin KVKK Kapsam\u0131nda Haklar\u0131 ile Ba\u015fvuru Usul ve Esaslar\u0131<\/strong><\/li>\n<\/ol>\n<p>\u015eirket b\u00fcnyesinde i\u015flenmekte olan verilerinize ili\u015fkin olarak a\u015fa\u011f\u0131da say\u0131lan haklar\u0131n\u0131z\u0131n bulundu\u011funu belirtmek isteriz:<\/p>\n<ul>\n<li>Ki\u015fisel verilerinizin i\u015flenip i\u015flenmedi\u011fini \u00f6\u011frenme,<\/li>\n<li>Ki\u015fisel verileriniz i\u015fleniyorsa bunlara ili\u015fkin bilgi edinme,<\/li>\n<li>Ki\u015fisel verilerinizin i\u015flenme amac\u0131n\u0131n ne oldu\u011fu ve ki\u015fisel verilerinizin amac\u0131na uygun olarak kullan\u0131l\u0131p kullan\u0131lmad\u0131\u011f\u0131n\u0131 \u00f6\u011frenme,<\/li>\n<li>Varsa yurti\u00e7inde veya yurtd\u0131\u015f\u0131nda verilerin aktar\u0131ld\u0131\u011f\u0131 \u00fc\u00e7\u00fcnc\u00fc ki\u015filerin kimler oldu\u011funu ve hangi verilerin aktar\u0131ld\u0131\u011f\u0131n\u0131 \u00f6\u011frenme,<\/li>\n<li>\u0130\u015flenen ki\u015fisel verilerin eksik veya yanl\u0131\u015f olmas\u0131 halinde bunlar\u0131n d\u00fczeltilmesini isteme,<\/li>\n<li>Ki\u015fisel verilerinizin d\u00fczeltilmesi, silinmesi ya da yok edilmesi halinde bu i\u015flemlerin ki\u015fisel verilerinizin aktar\u0131ld\u0131\u011f\u0131 \u00fc\u00e7\u00fcnc\u00fc ki\u015filere bildirilmesini isteme,<\/li>\n<li>Ki\u015fisel verilerinizin i\u015flenmesini gerektiren sebeplerin ortadan kalkmas\u0131 veya ki\u015fisel verilerinizin g\u00fcncelli\u011fini kaybetmesi halinde, i\u015flenmi\u015f olunan ki\u015fisel verilerinizin silinmesini veya yok edilmesini isteme,<\/li>\n<li>\u0130\u015flenen ki\u015fisel verilerinizin m\u00fcnhas\u0131ran otomatik sistemler vas\u0131tas\u0131yla analiz edilmesi suretiyle aleyhinize bir sonucun ortaya \u00e7\u0131kmas\u0131na itiraz etme,<\/li>\n<li>Ki\u015fisel verilerinizin kanuna ayk\u0131r\u0131 olarak i\u015flenmesi sebebiyle zarara u\u011framan\u0131z halinde zarar\u0131n giderilmesini talep etme haklar\u0131na sahipsiniz.<\/li>\n<\/ul>\n<p>Yukar\u0131da yer alan haklar\u0131n\u0131za ili\u015fkin taleplerinizi, ba\u015fvuru formunu doldurup yaz\u0131l\u0131 olarak veya kay\u0131tl\u0131 elektronik posta adresi, g\u00fcvenli elektronik imza, mobil imza veya taraf\u0131m\u0131za daha \u00f6nce bildirdi\u011finiz ve sistemimizde kay\u0131tl\u0131 olan elektronik posta adresiniz vas\u0131tas\u0131yla \u015eirketimize iletebilirsiniz. Ba\u015fvuru formuna buradan ula\u015fabilir veya Otel Resepsiyonundan temin edebilirsiniz.<\/p>\n<ol start=\"5\">\n<li><strong>Veri Sorumlusu Kimlik ve \u0130leti\u015fim Bilgileri<\/strong><\/li>\n<\/ol>\n<p>\u0130\u015fbu ayd\u0131nlatma metni, T\u00fcrkiye\u2019de kurulu ve a\u015fa\u011f\u0131da bilgileri verilen GVY Gayrimenkul \u0130n\u015faat ve Ticaret A.\u015e. taraf\u0131ndan \u201cVeri Sorumlusu\u201d s\u0131fat\u0131yla ilgili veri sahibi ki\u015filere hitaben d\u00fczenlenmi\u015ftir.<\/p>\n<p><strong>Ticari \u00dcnvan\u00a0 \u00a0 : Galaksi Otelcilik Rest. Tur. \u0130n\u015f. G\u0131da San. Tic. Ltd. \u015eti.<\/strong><br \/>\n<strong>Adres\u00a0 \u00a0 \u00a0 \u00a0 \u00a0 \u00a0 \u00a0 \u00a0 :<\/strong>\u00a0Yahya Kaptan Mah. \u015eehit Erg\u00fcn K\u00f6nc\u00fc Sokak No:10 41040 \u0130zmit\/Kocaeli<br \/>\n<strong>Telefon \u00a0 \u00a0 \u00a0 \u00a0 \u00a0 \u00a0 \u00a0 \u00a0 \u00a0 \u00a0 \u00a0:<\/strong>\u00a00262-310 11 11<br \/>\n<strong>Faks\u00a0 \u00a0 \u00a0 \u00a0 \u00a0 \u00a0 \u00a0 \u00a0 \u00a0:<\/strong>\u00a00262-311 62 61<br \/>\n<strong>KEP Adresi\u00a0 \u00a0 \u00a0 :<\/strong>\u00a0galaksiotelcilik@hs01.kep.tr<\/p>\n\n\t\t<\/div>\n\t<\/div>\n        <\/div>\n    <\/div>\n<\/div><\/div><\/div>","protected":false},"excerpt":{"rendered":"Illumination Text about Closed Circuit Camera Recording Systems in Ramada Plaza izmit Located in Ramada Plaza \u0130zmit\u00a0Closed Circuit Camera Recording Systems\u00a0About Lighting Text This illumination text is the Data Management Rest as data officer under the Personal Data Protection Act no. 6698 (\"KVKK\"). Tour. Food San. Tic. Ltd. \u015eti. (\"Ramada Plaza izmit\" or \"Company\") is [...]","protected":false},"author":1,"featured_media":0,"parent":0,"menu_order":0,"comment_status":"closed","ping_status":"closed","template":"","meta":{"footnotes":""},"class_list":["post-2512","page","type-page","status-publish","hentry"],"_links":{"self":[{"href":"https:\/\/www.ramadaplazaizmit.com\/tr\/wp-json\/wp\/v2\/pages\/2512"}],"collection":[{"href":"https:\/\/www.ramadaplazaizmit.com\/tr\/wp-json\/wp\/v2\/pages"}],"about":[{"href":"https:\/\/www.ramadaplazaizmit.com\/tr\/wp-json\/wp\/v2\/types\/page"}],"author":[{"embeddable":true,"href":"https:\/\/www.ramadaplazaizmit.com\/tr\/wp-json\/wp\/v2\/users\/1"}],"replies":[{"embeddable":true,"href":"https:\/\/www.ramadaplazaizmit.com\/tr\/wp-json\/wp\/v2\/comments?post=2512"}],"version-history":[{"count":5,"href":"https:\/\/www.ramadaplazaizmit.com\/tr\/wp-json\/wp\/v2\/pages\/2512\/revisions"}],"predecessor-version":[{"id":2517,"href":"https:\/\/www.ramadaplazaizmit.com\/tr\/wp-json\/wp\/v2\/pages\/2512\/revisions\/2517"}],"wp:attachment":[{"href":"https:\/\/www.ramadaplazaizmit.com\/tr\/wp-json\/wp\/v2\/media?parent=2512"}],"curies":[{"name":"wp","href":"https:\/\/api.w.org\/{rel}","templated":true}]}}