{"id":2464,"date":"2022-03-10T14:50:39","date_gmt":"2022-03-10T11:50:39","guid":{"rendered":"http:\/\/www.ramadaplazaizmit.com\/?page_id=2464"},"modified":"2022-03-10T14:55:30","modified_gmt":"2022-03-10T11:55:30","slug":"contact","status":"publish","type":"page","link":"https:\/\/www.ramadaplazaizmit.com\/tr\/contact\/","title":{"rendered":"\u0130leti\u015fim"},"content":{"rendered":"<section class=\"vc_section vc_custom_1537953987339\"><div class=\"container-fluid vc_container-fluid  vc_custom_1575722340786\" ><div class=\"vc_row wpb_row vc_row-fluid vc_row-has-fill vc_row-o-equal-height vc_row-o-content-middle vc_row-flex\"><div class=\"container\"><div class=\"row\"><div class=\"wpb_column vc_column_container vc_col-sm-6 vc_col-lg-4 vc_col-md-4 vc_col-xs-12\">\n    <div class=\"vc_column-inner vc_custom_1538133673472\">\n        <div class=\"wpb_wrapper\">\n            <div class=\"stm_spacer\">\n    <div class=\"visible-lg\" style=\"height: 30px;\"><\/div>\n    <div class=\"visible-md\" style=\"height: 30px;\"><\/div>\n    <div class=\"visible-sm\" style=\"height: 30px;\"><\/div>\n    <div class=\"visible-xs\" style=\"height: 30px;\"><\/div>\n<\/div>\n\t<div class=\"wpb_text_column wpb_content_element\" >\n\t\t<div class=\"wpb_wrapper\">\n\t\t\t<h4 style=\"font-size: 48px; line-height: 45px;\">\u0130leti\u015fim<\/h4>\n\n\t\t<\/div>\n\t<\/div>\n<div class=\"stm_spacer\">\n    <div class=\"visible-lg\" style=\"height: 43px;\"><\/div>\n    <div class=\"visible-md\" style=\"height: 43px;\"><\/div>\n    <div class=\"visible-sm\" style=\"height: 10px;\"><\/div>\n    <div class=\"visible-xs\" style=\"height: 10px;\"><\/div>\n<\/div>\n\n    <div class=\"stm_iconbox clearfix stm_iconbox_style_1 stm_iconbox69e1c56c86e0a text-left  stm_iconbox__icon-left clearfix\">\n                    <div class=\"stm_iconbox__icon\"\n                 style=\"width: 65px; height: 60px;\">\n                <i style=\"font-size:45px;color:#ce1f40;\"\n                   class=\"custom stmicon-phone-call\">\n                <\/i>\n            <\/div>\n                <div class=\"stm_iconbox__text\">\n                            <h6 style=\"font-size:16px!important;\" class=\"no_line\"><span\n                            class=\"mtc_b\">TELEFON<\/span><\/h6>\n                        <div class=\"stm_iconbox__desc\">\n            <span class=\"stm_iconbox__dots\">\n                <span class=\"stm_iconbox__dot stm_iconbox__dot_first\"><\/span>\n                <span class=\"stm_iconbox__dot stm_iconbox__dot_second\"><\/span>\n                <span class=\"stm_iconbox__dot stm_iconbox__dot_third\"><\/span>\n            <\/span>\n                <p style=\"font-size: 18px;\"><strong><a href=\"tel: 90 262 310 11 11\">+90 262 310 11 11<\/a><\/strong><\/p>\n            <\/div>\n        <\/div>\n    <\/div>\n\n\n    <div class=\"stm_iconbox clearfix stm_iconbox_style_1 stm_iconbox69e1c56c870ef text-left  stm_iconbox__icon-left clearfix\">\n                    <div class=\"stm_iconbox__icon\"\n                 style=\"width: 65px; height: 60px;\">\n                <i style=\"font-size:45px;color:#ce1f40;\"\n                   class=\"custom stmicon-fax\">\n                <\/i>\n            <\/div>\n                <div class=\"stm_iconbox__text\">\n                            <h6 style=\"font-size:16px!important;\" class=\"no_line\"><span\n                            class=\"mtc_b\">Fax<\/span><\/h6>\n                        <div class=\"stm_iconbox__desc\">\n            <span class=\"stm_iconbox__dots\">\n                <span class=\"stm_iconbox__dot stm_iconbox__dot_first\"><\/span>\n                <span class=\"stm_iconbox__dot stm_iconbox__dot_second\"><\/span>\n                <span class=\"stm_iconbox__dot stm_iconbox__dot_third\"><\/span>\n            <\/span>\n                <p style=\"font-size: 18px;\"><strong>0(262) 311 62 61<\/strong><\/p>\n            <\/div>\n        <\/div>\n    <\/div>\n\n\n    <div class=\"stm_iconbox clearfix stm_iconbox_style_1 stm_iconbox69e1c56c8736f text-left  stm_iconbox__icon-left clearfix\">\n                    <div class=\"stm_iconbox__icon\"\n                 style=\"width: 65px; height: 60px;\">\n                <i style=\"font-size:45px;color:#ce1f40;\"\n                   class=\"custom fa fa-envelope-o\">\n                <\/i>\n            <\/div>\n                <div class=\"stm_iconbox__text\">\n                            <h6 style=\"font-size:16px!important;\" class=\"no_line\"><span\n                            class=\"mtc_b\">E-Mail<\/span><\/h6>\n                        <div class=\"stm_iconbox__desc\">\n            <span class=\"stm_iconbox__dots\">\n                <span class=\"stm_iconbox__dot stm_iconbox__dot_first\"><\/span>\n                <span class=\"stm_iconbox__dot stm_iconbox__dot_second\"><\/span>\n                <span class=\"stm_iconbox__dot stm_iconbox__dot_third\"><\/span>\n            <\/span>\n                <p style=\"font-size: 18px;\"><strong>info@ramadaplazaizmit.com<\/strong><\/p>\n            <\/div>\n        <\/div>\n    <\/div>\n<div class=\"stm_spacer\">\n    <div class=\"visible-lg\" style=\"height: 21px;\"><\/div>\n    <div class=\"visible-md\" style=\"height: 21px;\"><\/div>\n    <div class=\"visible-sm\" style=\"height: 20px;\"><\/div>\n    <div class=\"visible-xs\" style=\"height: 20px;\"><\/div>\n<\/div>\n\n    <div class=\"stm_iconbox clearfix stm_iconbox_style_1 stm_iconbox69e1c56c8768d text-left  stm_iconbox__icon-left clearfix\">\n                    <div class=\"stm_iconbox__icon\"\n                 style=\"width: 65px; height: 60px;\">\n                <i style=\"font-size:46px;color:#ce1f40;\"\n                   class=\"custom stmicon-maps-and-flags\">\n                <\/i>\n            <\/div>\n                <div class=\"stm_iconbox__text\">\n                            <h6 style=\"font-size:16px!important;\" class=\"no_line\"><span\n                            class=\"mtc_b\">Adres<\/span><\/h6>\n                        <div class=\"stm_iconbox__desc\">\n            <span class=\"stm_iconbox__dots\">\n                <span class=\"stm_iconbox__dot stm_iconbox__dot_first\"><\/span>\n                <span class=\"stm_iconbox__dot stm_iconbox__dot_second\"><\/span>\n                <span class=\"stm_iconbox__dot stm_iconbox__dot_third\"><\/span>\n            <\/span>\n                <p class=\"property-name headline-c hidden-xs\"><strong><span class=\"highlight-wrapper\">Ramada Plaza By Wyndham Izmit<\/span><\/strong><\/p>\n<div class=\"property-address hidden-xs\"><span class=\"highlight-wrapper\">\u015eehit Erg\u00fcn K\u00f6nc\u00fc Sok. No. 10 Yahya Kaptan Mah. \u0130zmit, T\u00fcrkiye 41050<\/span><\/div>\n            <\/div>\n        <\/div>\n    <\/div>\n<div class=\"stm_spacer\">\n    <div class=\"visible-lg\" style=\"height: 30px;\"><\/div>\n    <div class=\"visible-md\" style=\"height: 30px;\"><\/div>\n    <div class=\"visible-sm\" style=\"height: 30px;\"><\/div>\n    <div class=\"visible-xs\" style=\"height: 30px;\"><\/div>\n<\/div>        <\/div>\n    <\/div>\n<\/div><div data-stretch=\"right\" class=\"wpb_column vc_column_container vc_col-sm-6 vc_col-lg-8 vc_col-md-8 vc_col-xs-12\">\n    <div class=\"vc_column-inner vc_custom_1538133669144\">\n        <div class=\"wpb_wrapper\">\n            <div class=\"wpb_gmaps_widget wpb_content_element vc_custom_1576241522473\"><div class=\"wpb_wrapper\"><div class=\"wpb_map_wraper\"><iframe loading=\"lazy\" src=\"https:\/\/www.google.com\/maps\/embed?pb=!1m18!1m12!1m3!1d3021.60979662728!2d29.96754301490642!3d40.7706062419659!2m3!1f0!2f0!3f0!3m2!1i1024!2i768!4f13.1!3m3!1m2!1s0x14cb4f8ec3cb9ba7%3A0xfba5b6609b39b0a2!2sRamada%20Plaza%20Izmit!5e0!3m2!1str!2str!4v1576229382367!5m2!1str!2str\" width=\"600\" height=\"645\" frameborder=\"0\" style=\"border:0;\" allowfullscreen=\"\"><\/iframe><\/div><\/div><\/div>        <\/div>\n    <\/div>\n<\/div><\/div><\/div><\/div><\/div><\/section><div class=\"container vc_container  vc_custom_1531906799465\" ><div class=\"vc_row wpb_row vc_row-fluid\"><div class=\"wpb_column vc_column_container vc_col-sm-1\/5\">\n    <div class=\"vc_column-inner\">\n        <div class=\"wpb_wrapper\">\n                    <\/div>\n    <\/div>\n<\/div><div class=\"wpb_column vc_column_container vc_col-sm-3\/5\">\n    <div class=\"vc_column-inner\">\n        <div class=\"wpb_wrapper\">\n            <h2 style=\"text-align: center\" class=\"vc_custom_heading vc_custom_1646913318161   text-center\">\u0130leti\u015fim Formu<\/h2>\n<div class=\"wpcf7 no-js\" id=\"wpcf7-f1420-o1\" lang=\"tr-TR\" dir=\"ltr\">\n<div class=\"screen-reader-response\"><p role=\"status\" aria-live=\"polite\" aria-atomic=\"true\"><\/p> <ul><\/ul><\/div>\n<form action=\"\/tr\/wp-json\/wp\/v2\/pages\/2464#wpcf7-f1420-o1\" method=\"post\" class=\"wpcf7-form init stm_cf7 stm_cf7_style_1\" aria-label=\"\u0130leti\u015fim Formu\" novalidate=\"novalidate\" data-status=\"init\" data-trp-original-action=\"\/tr\/wp-json\/wp\/v2\/pages\/2464#wpcf7-f1420-o1\">\n<div style=\"display: none;\">\n<input type=\"hidden\" name=\"_wpcf7\" value=\"1420\" \/>\n<input type=\"hidden\" name=\"_wpcf7_version\" value=\"5.9.8\" \/>\n<input type=\"hidden\" name=\"_wpcf7_locale\" value=\"tr_TR\" \/>\n<input type=\"hidden\" name=\"_wpcf7_unit_tag\" value=\"wpcf7-f1420-o1\" \/>\n<input type=\"hidden\" name=\"_wpcf7_container_post\" value=\"0\" \/>\n<input type=\"hidden\" name=\"_wpcf7_posted_data_hash\" value=\"\" \/>\n<input type=\"hidden\" name=\"_wpcf7_recaptcha_response\" value=\"\" \/>\n<\/div>\n<p>Ad\u0131n\u0131z Soyad\u0131n\u0131z *<br \/>\n<span class=\"wpcf7-form-control-wrap\" data-name=\"your-name\"><input size=\"40\" maxlength=\"400\" class=\"wpcf7-form-control wpcf7-text wpcf7-validates-as-required\" aria-required=\"true\" aria-invalid=\"false\" value=\"\" type=\"text\" name=\"your-name\" \/><\/span>\n<\/p>\n<p>E-posta adresiniz*<br \/>\n<span class=\"wpcf7-form-control-wrap\" data-name=\"your-email\"><input size=\"40\" maxlength=\"400\" class=\"wpcf7-form-control wpcf7-email wpcf7-validates-as-required wpcf7-text wpcf7-validates-as-email\" aria-required=\"true\" aria-invalid=\"false\" value=\"\" type=\"email\" name=\"your-email\" \/><\/span>\n<\/p>\n<p>Telefonunuz<br \/>\n<span class=\"wpcf7-form-control-wrap\" data-name=\"tel-211\"><input size=\"40\" maxlength=\"400\" class=\"wpcf7-form-control wpcf7-tel wpcf7-validates-as-required wpcf7-text wpcf7-validates-as-tel\" aria-required=\"true\" aria-invalid=\"false\" value=\"\" type=\"tel\" name=\"tel-211\" \/><\/span>\n<\/p>\n<p>Konu<br \/>\n<span class=\"wpcf7-form-control-wrap\" data-name=\"your-subject\"><input size=\"40\" maxlength=\"400\" class=\"wpcf7-form-control wpcf7-text\" aria-invalid=\"false\" value=\"\" type=\"text\" name=\"your-subject\" \/><\/span>\n<\/p>\n<p>\u0130letiniz<br \/>\n<span class=\"wpcf7-form-control-wrap\" data-name=\"your-message\"><textarea cols=\"40\" rows=\"10\" maxlength=\"2000\" class=\"wpcf7-form-control wpcf7-textarea\" aria-invalid=\"false\" name=\"your-message\"><\/textarea><\/span>\n<\/p>\n<p><span class=\"wpcf7-form-control-wrap\" data-name=\"acceptance-876\"><span class=\"wpcf7-form-control wpcf7-acceptance\"><span class=\"wpcf7-list-item\"><label><input type=\"checkbox\" name=\"acceptance-876\" value=\"1\" aria-invalid=\"false\" \/><span class=\"wpcf7-list-item-label\">Verilerimin bu web sitesi taraf\u0131ndan saklanmas\u0131 ve ele al\u0131nmas\u0131na kat\u0131l\u0131yorum.<\/span><\/label><\/span><\/span><\/span>\n<\/p>\n<p><button class=\"wpcf7-form-control wpcf7-submit\" type=\"submit\">G\u00f6nder<\/button>\n<\/p><p style=\"display: none !important;\" class=\"akismet-fields-container\" data-prefix=\"_wpcf7_ak_\"><label>&#916;<textarea name=\"_wpcf7_ak_hp_textarea\" cols=\"45\" rows=\"8\" maxlength=\"100\"><\/textarea><\/label><input type=\"hidden\" id=\"ak_js_1\" name=\"_wpcf7_ak_js\" value=\"46\"\/><script>document.getElementById( \"ak_js_1\" ).setAttribute( \"value\", ( new Date() ).getTime() );<\/script><\/p><div class=\"wpcf7-response-output\" aria-hidden=\"true\"><\/div>\n<input type=\"hidden\" name=\"trp-form-language\" value=\"tr\"\/><\/form>\n<\/div>\n        <\/div>\n    <\/div>\n<\/div><div class=\"wpb_column vc_column_container vc_col-sm-1\/5\">\n    <div class=\"vc_column-inner\">\n        <div class=\"wpb_wrapper\">\n                    <\/div>\n    <\/div>\n<\/div><\/div><\/div>","protected":false},"excerpt":{"rendered":"Contact PHONE +90 262 310 11 11 Fax 0(262) 311 62 61 E-Mail info@ramadaplazaizmit.com Address Ramada Plaza By Wyndham Izmit \u015eehit Erg\u00fcn K\u00f6nc\u00fc Sok. No. 10 Yahya Kaptan Mah. \u0130zmit, T\u00fcrkiye 41050 Contact Form Name & Surname* Email Address* Phone Number Topic Other Comments & Requests I agree with the storage and handling of my [...]","protected":false},"author":1,"featured_media":0,"parent":0,"menu_order":0,"comment_status":"closed","ping_status":"closed","template":"","meta":{"footnotes":""},"class_list":["post-2464","page","type-page","status-publish","hentry"],"_links":{"self":[{"href":"https:\/\/www.ramadaplazaizmit.com\/tr\/wp-json\/wp\/v2\/pages\/2464"}],"collection":[{"href":"https:\/\/www.ramadaplazaizmit.com\/tr\/wp-json\/wp\/v2\/pages"}],"about":[{"href":"https:\/\/www.ramadaplazaizmit.com\/tr\/wp-json\/wp\/v2\/types\/page"}],"author":[{"embeddable":true,"href":"https:\/\/www.ramadaplazaizmit.com\/tr\/wp-json\/wp\/v2\/users\/1"}],"replies":[{"embeddable":true,"href":"https:\/\/www.ramadaplazaizmit.com\/tr\/wp-json\/wp\/v2\/comments?post=2464"}],"version-history":[{"count":4,"href":"https:\/\/www.ramadaplazaizmit.com\/tr\/wp-json\/wp\/v2\/pages\/2464\/revisions"}],"predecessor-version":[{"id":2468,"href":"https:\/\/www.ramadaplazaizmit.com\/tr\/wp-json\/wp\/v2\/pages\/2464\/revisions\/2468"}],"wp:attachment":[{"href":"https:\/\/www.ramadaplazaizmit.com\/tr\/wp-json\/wp\/v2\/media?parent=2464"}],"curies":[{"name":"wp","href":"https:\/\/api.w.org\/{rel}","templated":true}]}}